{"id":252,"date":"2016-09-08T14:19:27","date_gmt":"2016-09-08T12:19:27","guid":{"rendered":"http:\/\/iannytextile.com\/?page_id=252"},"modified":"2017-05-23T12:46:11","modified_gmt":"2017-05-23T10:46:11","slug":"privacy-policy","status":"publish","type":"page","link":"https:\/\/www.iannytextile.com\/it\/privacy-policy\/","title":{"rendered":"Privacy Policy"},"content":{"rendered":"<h3><strong>Privacy generale sito<\/strong><\/h3>\n<p>&nbsp;<\/p>\n<p>In questa pagina si descrivono le modalit\u00e0 di gestione del sito internet iannytextile.it\u00a0in riferimento al trattamento dei dati personali degli utenti che lo consultano. Si tratta di un\u2019informativa per il trattamento dei dati personali che \u00e8 resa anche ai sensi dell\u2019art. 13 Decreto legislativo 196\/03 (di seguito Codice privacy) per gli utenti dei servizi del nostro sito, che vengono erogati via internet. L\u2019informativa non \u00e8 valida per altri siti web eventualmente consultabili attraverso i nostri links, di cui la\u00a0<strong>Iannicello Massimo &amp; c.\u00a0Snc\u00a0<\/strong>P.IVA 01762290367 non \u00e8 in alcun modo responsabile.<\/p>\n<p>&nbsp;<\/p>\n<p><strong>Il Titolare del trattamento<\/strong><br \/>\nIl Titolare del trattamento dei dati personali, relativi a persone identificate o identificabili trattati a seguito della consultazione del nostro sito, \u00e8 la\u00a0<strong>Iannicello Massimo &amp; c.\u00a0Snc\u00a0<\/strong>P.IVA 01762290367<\/p>\n<p>&nbsp;<\/p>\n<p><strong>Luogo e finalit\u00e0 di trattamento dei dati<\/strong><br \/>\nI trattamenti connessi ai servizi web di questo sito hanno luogo presso societ\u00e0 in outsourcing appositamente incaricata e i contenuti sono curati da dipendenti\/collaboratori di\u00a0<strong>Iannicello Massimo &amp; c.\u00a0Snc\u00a0<\/strong>P.IVA 01762290367.<br \/>\nNessun dato derivante dal servizio web viene comunicato o diffuso a terzi.<br \/>\nI dati personali forniti dagli utenti che inoltrano richieste di servizi sono utilizzati al solo fine di eseguire il servizio o la prestazione richiesta e non sono comunicati a soggetti terzi salvo che la comunicazione sia imposta da obblighi di legge o sia strettamente necessario per l\u2019adempimento delle richieste.<\/p>\n<p>&nbsp;<\/p>\n<p><strong>Dati di navigazione<\/strong><br \/>\nI sistemi informatici e le procedure software preposte al funzionamento di questo sito web acquisiscono, nel corso del loro normale esercizio alcuni dati personali la cui trasmissione \u00e8 implicita nell\u2019uso dei protocolli di comunicazione di internet. Si tratta di informazioni che non sono raccolte per essere associate a interessati identificati, ma che per loro stessa natura potrebbero, attraverso elaborazioni ed associazioni con dati detenuti da terzi, permettere di identificare gli utenti. In questa categoria di dati rientrano gli indirizzi IP o i nomi a dominio dei computer utilizzati dagli utenti che si connettono al sito, gli indirizzi in notazione URI (Uniform Resource Identifier) delle risorse richieste, l\u2019orario della richiesta, il metodo utilizzato nel sottoporre la richiesta al server, la dimensione del file ottenuto in risposta, il codice numerico indicante lo stato della risposta data dal server (buon fine, errore ..) ed altri parametri relativi al sistema operativo e all\u2019ambiente informatico dell\u2019utente. Questi dati vengono utilizzati al solo fine di ricavare informazioni statistiche anonime sull\u2019uso del sito e per controllarne il corretto funzionamento e vengono cancellati immediatamente dopo l\u2019elaborazione. I dati potrebbero essere utilizzati per l\u2019accertamento di responsabilit\u00e0 in caso di ipotetici reati informatici ai danni del sito.<\/p>\n<ul>\n<li><em>Dati forniti volontariamente dagli utenti<\/em><br \/>\nL\u2019invio facoltativo, esplicito e volontario di posta elettronica agli indirizzi indicati su questo sito comporta la successiva acquisizione dell\u2019indirizzo del mittente, necessario per rispondere alle richieste, nonch\u00e8 degli eventuali altri dati personali inseriti nella missiva. Sintetiche informative di sintesi verranno progressivamente riportate o visualizzate nelle pagine del sito predisposte per particolari servizi.<\/li>\n<li><em>Facoltativit\u00e0 del conferimento dei dati<\/em><br \/>\nA parte quanto specificato per i dati di navigazione, l\u2019utente \u00e8 libero di fornire i dati personali per richiedere i servizi offerti dalla societ\u00e0. Il loro mancato conferimento pu\u00f2 comportare l\u2019impossibilit\u00e0 di ottenere il servizio richiesto.<\/li>\n<li><em>Modalit\u00e0 di trattamento dei dati<\/em><br \/>\nI dati personali sono trattati con strumenti informatici automatizzati, per il tempo necessario a conseguire lo scopo per il quale sono stati raccolti. Specifiche misure di sicurezza sono osservate per prevenire la perdita dei dati, usi illeciti o non corretti ed accessi non autorizzati.<\/li>\n<\/ul>\n<p>&nbsp;<\/p>\n<p><strong>Diritti degli interessati<\/strong><br \/>\nI soggetti cui si riferiscono i dati hanno i diritti previsti dall\u2019art. 7 del Codice privacy che prevede, tra gli altri il diritto di conoscere la presenza dei suoi dati e di ottenere la cancellazione, la rettifica, l\u2019aggiornamento dei dati stessi rivolgendosi al Titolare del trattamento in persona della\u00a0<strong>Iannicello Massimo &amp; c.\u00a0Snc\u00a0<\/strong>P.IVA 01762290367 all\u2019indirizzo sopra indicato.<\/p>\n<p>&nbsp;<\/p>\n<p><strong>Utilizzo dei cookies<\/strong><\/p>\n<p>Questo sito non utilizza i cookies profilanti.\u00a0Questo sito utilizza cookies tecnici per il regolare funzionamento del software e delle varie funzioni del sito.<br \/>\nIl sito potrebbe essere modificato per un futuro utilizzo di cookies profilanti. I gestori del sito si preoccuperanno di avvisare l\u2019utenza entro i termini previsti dalla Legge sull\u2019eventuale futuro uso di cookies profilanti.\u00a0L\u2019utente \u00e8 quindi invitato\u00a0a controllare periodicamente questa pagina e di prestare attenzione ad eventuali\u00a0avvisi che avvertiranno l\u2019utenza riguardo l\u2019uso di nuovi cookies. \u00a0Utilizzando il sito web l\u2019utente dichiara di accettare e acconsentire all\u2019 utilizzo dei cookies in conformit\u00e0 con i termini di uso dei cookies espressi in questo documento.<\/p>\n<p><em><strong>Che cosa sono i cookie?<\/strong><\/em><\/p>\n<p>I cookie sono file di testo che contengono pacchetti di informazioni che vengono memorizzati sul tuo computer o sul tuo dispositivo mobile tutte le volte che visiti un sito online attraverso un browser. Ad ogni successiva visita il browser invia questi cookies al sito web che li ha originati o ad un altro sito. I cookies permettono ai siti di ricordare alcune informazioni per permetterti di navigare online in modo semplice e veloce.<\/p>\n<p>Ci sono differenti\u00a0tipi di cookie: i cookie di sessione e cookies permanenti. I cookie di sessione vengono eliminati dal computer automaticamente quando chiudi il browser, mentre i cookie permanenti restano memorizzati sul tuo computer a meno che non siano eliminati o raggiungano la loro data di scadenza.<\/p>\n<p><em><strong>I cookie sul nostro sito<\/strong><\/em><\/p>\n<p>SOCIETA TITOLARE DEL SITO\u00a0utilizza sul proprio sito i seguenti cookies, con le relative finalit\u00e0:<\/p>\n<p><em><strong>I cookie di terze parti<\/strong><\/em><\/p>\n<p>GOOGLE<\/p>\n<p>Iannytextile.it\u00a0utilizza Google Analytics per raccogliere informazioni circa l\u2019utilizzo degli utenti del proprio sito web. Google Analytics genera informazioni statistiche e di altro genere attraverso i cookie, memorizzati sui computer degli utenti. Le informazioni generate relative al nostro sito web sono utilizzate per fare dei report sull\u2019utilizzo dei siti web. Google memorizzer\u00e0 ed utilizzer\u00e0 queste informazioni. La politica sulla privacy di Google \u00e8 disponibile al seguente indirizzo: http:\/\/www.google.com\/privacypolicy.html<\/p>\n<p>&nbsp;<\/p>\n<p><strong>Come disabilitare i cookie<\/strong><\/p>\n<p>Nel caso volessi bloccare cookie ti ricordiamo che questo potrebbe avere un impatto negativo sull\u2019usabilit\u00e0 di alcuni siti web.<\/p>\n<p>La maggior parte dei browser ti permette di rifiutare\/accettare i cookie. Di seguito ti riportiamo alcune informazioni pratiche per disabilitare i cookie sul browser che stai utilizzando.<\/p>\n<p>INTERNET EXPLORER 9<\/p>\n<p>Apri la finestra di Internet explorer.<br \/>\nClicca su \u201cStrumenti\u201d.<br \/>\nVai su \u201cSicurezza\u201d e dopo clicca \u201cCancella cronologia\u201d.<br \/>\nSpunta il box \u201ccookies\u201d e dopo clicca su \u201ccancella\u201d.<br \/>\nClicca \u201cSicurezza\u201d on the sulla barra.<br \/>\nSeleziona \u201cCancella cronologia\u201d.<br \/>\nSeleziona l\u2019opzione per cookie and e dopo clicca su \u201ccancella\u201d.<\/p>\n<p>INTERNET EXPLORER 8<\/p>\n<p>In alternativa, la nuova funzione di Internet Explorer 8 InPrivate browsing consente all\u2019utente di navigare in rete senza lasciare tracce dai siti visitati (inclusi i cookie). Per utilizzare la modalit\u00e0 InPrivate:<\/p>\n<p>Clicca \u201cSicurezza\u201d on the sulla barra.<br \/>\nSeleziona \u201cInPrivate Browsing\u201d.<br \/>\nEsci da Internet Explorer 7, e chiudi tutte le finestre di Windows Explorer.<br \/>\nClicca su \u201cStart\u201d, \u201cRun\u201d, ed inserisci inetcpl.cpl, e dopo clicca su \u201cOK\u201d.<br \/>\nSulla scheda \u201cGenerale\u201d clicca \u201cCancella\u201d sotto \u201cCronologia navigazione\u201d nel box \u201cPropriet\u00e0 Internet\u201d.<br \/>\nNel box \u201cCancella cronologia di navigazione\u201d clicca su \u201cCancella Cookies\u201d.<br \/>\nNel box \u201cCancella Cookies\u201d clicca \u201cs\u00ec\u201d.<\/p>\n<p>INTERNET EXPLORER 7.X<\/p>\n<p>Esci da Internet Explorer 7, e chiudi tutte le finestre di Windows Explorer.<br \/>\nClicca su \u201cStart\u201d, \u201cRun\u201d, ed inserisci inetcpl.cpl, e dopo clicca su \u201cOK\u201d.<br \/>\nSulla scheda \u201cGenerale\u201d clicca \u201cCancella\u201d sotto \u201cCronologia navigazione\u201d nel box \u201cPropriet\u00e0 Internet\u201d.<br \/>\nNel box \u201cCancella cronologia di navigazione\u201d clicca su \u201cCancella Cookies\u201d.<br \/>\nNel box \u201cCancella Cookies\u201d clicca \u201cs\u00ec\u201d.<\/p>\n<p>INTERNET EXPLORER (TUTTE LE ALTRE VERSIONI)<\/p>\n<p>Internet Explorer salva i cookies in pi\u00f9 luoghi in funzione della versione del browser e dal sistema Microsoft Windows utilizzato.<\/p>\n<p>Il miglior modo per trovare e cancellare i cookies \u00e8 di chiudere Internet Explorer ed utilizzare lo strumento di esplora risorse (ad esempio Windows Explorer) e cercare una cartella che si chiami \u201ccookies\u201d.<\/p>\n<p>GOOGLE CHROME<\/p>\n<p>Fai clic sull\u2019icona \u201cimpostazioni\u201d in alto a destra del menu.<br \/>\nSeleziona \u201cImpostazioni\u201d.<br \/>\nNella parte inferiore della pagina, fai clic su Mostra impostazioni avanzate.<br \/>\nNella sezione \u201cPrivacy\u201d, fai clic su Impostazioni contenuti.<br \/>\nPer disattivare i cookie, seleziona Impedisci ai siti di impostare dati (in alternative puoi rimuovere tutti i cookie creati in un intervallo di tempo specifico selezionandolo dall\u2019elenco a tendina).<br \/>\nSeleziona \u201d Cancella dati di navigazione \u201d per cancellare tutte le tracce dei siti che hai visitato.<br \/>\nSeleziona \u201cCancella cronologia download\u201d per cancellare l\u2019archivio dei file e dei programmi che avete scaricato.<br \/>\nSelezione \u201cSvuota la cache\u201d per cancellare le pagine dei siti inserite in memoria cache.<br \/>\nPuoi anche cancellare le password salvate (quelle che utilizzi per accedere ai siti) e i dati salvati per compilare form (ad esempio nome e cognome).<br \/>\nPoi clicca sul bottone \u201cCancella dati di navigazione\u201d.<br \/>\nClicca sul bottone \u201cChiudi\u201d.<\/p>\n<p>MOZILLA FIREFOX<\/p>\n<p>Nella parte superiore della finestra di Firefox fare clic sul pulsante Firefox e seleziona \u201cOpzioni\u201d poi vai al pannello \u201cPrivacy\u201d.<br \/>\nNel pannello \u201cCookies\u201d, cliccare su \u201cmostra Cookies\u201d.<br \/>\nPer rimuovere un singolo cookie cliccare sulla singola voce nella lista e dopo cliccare sul bottone rimuovi cookie.<br \/>\nPer rimuovere tutti i cookies cliccare sul bottone Rimuovi tutti i cookie.<br \/>\nDal men\u00f9 a tendina clicca sulla sottovoce \u201cPreferenze\u201d.<br \/>\nSeleziona la scheda \u201cSicurezza\u201d.<br \/>\nClicca sul bottone \u201cMostra cookies\u201d.<br \/>\nSeleziona dalla lista i cookies che vuoi rimuovere.<br \/>\nClicca sul bottone \u201cCancella\u201d.<\/p>\n<p>SAFARI 1.0 (MACOS X)<\/p>\n<p>Dal men\u00f9 a tendina clicca sulla sottovoce \u201cPreferenze\u201d.<br \/>\nSeleziona la scheda \u201cSicurezza\u201d.<br \/>\nClicca sul bottone \u201cMostra cookies\u201d.<br \/>\nSeleziona dalla lista i cookies che vuoi rimuovere.<br \/>\nClicca sul bottone \u201cCancella\u201d.<\/p>\n<p>&nbsp;<\/p>\n<p>&nbsp;<\/p>\n","protected":false},"excerpt":{"rendered":"<p>Privacy generale sito &nbsp; In questa pagina si descrivono le modalit\u00e0 di gestione del sito internet iannytextile.it\u00a0in riferimento al trattamento dei dati personali degli utenti che lo consultano. Si tratta di un\u2019informativa per il trattamento&#8230;<\/p>\n","protected":false},"author":2,"featured_media":0,"parent":0,"menu_order":0,"comment_status":"closed","ping_status":"closed","template":"","meta":{"footnotes":""},"class_list":["post-252","page","type-page","status-publish","hentry"],"_links":{"self":[{"href":"https:\/\/www.iannytextile.com\/it\/wp-json\/wp\/v2\/pages\/252","targetHints":{"allow":["GET"]}}],"collection":[{"href":"https:\/\/www.iannytextile.com\/it\/wp-json\/wp\/v2\/pages"}],"about":[{"href":"https:\/\/www.iannytextile.com\/it\/wp-json\/wp\/v2\/types\/page"}],"author":[{"embeddable":true,"href":"https:\/\/www.iannytextile.com\/it\/wp-json\/wp\/v2\/users\/2"}],"replies":[{"embeddable":true,"href":"https:\/\/www.iannytextile.com\/it\/wp-json\/wp\/v2\/comments?post=252"}],"version-history":[{"count":2,"href":"https:\/\/www.iannytextile.com\/it\/wp-json\/wp\/v2\/pages\/252\/revisions"}],"predecessor-version":[{"id":16024,"href":"https:\/\/www.iannytextile.com\/it\/wp-json\/wp\/v2\/pages\/252\/revisions\/16024"}],"wp:attachment":[{"href":"https:\/\/www.iannytextile.com\/it\/wp-json\/wp\/v2\/media?parent=252"}],"curies":[{"name":"wp","href":"https:\/\/api.w.org\/{rel}","templated":true}]}}